{"id":18,"date":"2023-11-15T18:03:56","date_gmt":"2023-11-15T18:03:56","guid":{"rendered":"https:\/\/tara.ulpgc.es\/?page_id=18"},"modified":"2025-04-30T11:07:42","modified_gmt":"2025-04-30T11:07:42","slug":"multimedia","status":"publish","type":"page","link":"https:\/\/tara.ulpgc.es\/?page_id=18","title":{"rendered":"MULTIMEDIA"},"content":{"rendered":"\n<div style=\"height:40px\" aria-hidden=\"true\" class=\"wp-block-spacer\"><\/div>\n\n\n\n<h1 class=\"wp-block-heading\">Campa\u00f1a de Campo en PN de Garajonay (Julio 2023)<\/h1>\n\n\n\n<div style=\"height:25px\" aria-hidden=\"true\" class=\"wp-block-spacer\"><\/div>\n\n\n\n<figure class=\"wp-block-gallery has-nested-images columns-default is-cropped wp-block-gallery-1 is-layout-flex wp-block-gallery-is-layout-flex\">\n<figure class=\"wp-block-image size-large\"><img loading=\"lazy\" decoding=\"async\" width=\"1024\" height=\"576\" data-id=\"406\" src=\"https:\/\/tara.ulpgc.es\/wp-content\/uploads\/2024\/01\/20230628_092028-1024x576.jpg\" alt=\"\" class=\"wp-image-406\" srcset=\"https:\/\/tara.ulpgc.es\/wp-content\/uploads\/2024\/01\/20230628_092028-1024x576.jpg 1024w, https:\/\/tara.ulpgc.es\/wp-content\/uploads\/2024\/01\/20230628_092028-300x169.jpg 300w, https:\/\/tara.ulpgc.es\/wp-content\/uploads\/2024\/01\/20230628_092028-768x432.jpg 768w, https:\/\/tara.ulpgc.es\/wp-content\/uploads\/2024\/01\/20230628_092028-1536x864.jpg 1536w, https:\/\/tara.ulpgc.es\/wp-content\/uploads\/2024\/01\/20230628_092028-2048x1152.jpg 2048w, https:\/\/tara.ulpgc.es\/wp-content\/uploads\/2024\/01\/20230628_092028-800x450.jpg 800w\" sizes=\"auto, (max-width: 1024px) 100vw, 1024px\" \/><\/figure>\n\n\n\n<figure class=\"wp-block-image size-large\"><img loading=\"lazy\" decoding=\"async\" width=\"1024\" height=\"576\" data-id=\"405\" src=\"https:\/\/tara.ulpgc.es\/wp-content\/uploads\/2024\/01\/20230628_095900-1024x576.jpg\" alt=\"\" class=\"wp-image-405\" srcset=\"https:\/\/tara.ulpgc.es\/wp-content\/uploads\/2024\/01\/20230628_095900-1024x576.jpg 1024w, https:\/\/tara.ulpgc.es\/wp-content\/uploads\/2024\/01\/20230628_095900-300x169.jpg 300w, https:\/\/tara.ulpgc.es\/wp-content\/uploads\/2024\/01\/20230628_095900-768x432.jpg 768w, https:\/\/tara.ulpgc.es\/wp-content\/uploads\/2024\/01\/20230628_095900-1536x864.jpg 1536w, https:\/\/tara.ulpgc.es\/wp-content\/uploads\/2024\/01\/20230628_095900-2048x1152.jpg 2048w, https:\/\/tara.ulpgc.es\/wp-content\/uploads\/2024\/01\/20230628_095900-800x450.jpg 800w\" sizes=\"auto, (max-width: 1024px) 100vw, 1024px\" \/><\/figure>\n<\/figure>\n\n\n\n<div style=\"height:18px\" aria-hidden=\"true\" class=\"wp-block-spacer\"><\/div>\n\n\n\n<figure class=\"wp-block-gallery has-nested-images columns-default is-cropped wp-block-gallery-2 is-layout-flex wp-block-gallery-is-layout-flex\">\n<figure class=\"wp-block-image size-large\"><img loading=\"lazy\" decoding=\"async\" width=\"576\" height=\"1024\" data-id=\"409\" src=\"https:\/\/tara.ulpgc.es\/wp-content\/uploads\/2024\/01\/20230628_102641-576x1024.jpg\" alt=\"\" class=\"wp-image-409\" srcset=\"https:\/\/tara.ulpgc.es\/wp-content\/uploads\/2024\/01\/20230628_102641-576x1024.jpg 576w, https:\/\/tara.ulpgc.es\/wp-content\/uploads\/2024\/01\/20230628_102641-169x300.jpg 169w, https:\/\/tara.ulpgc.es\/wp-content\/uploads\/2024\/01\/20230628_102641-768x1365.jpg 768w, https:\/\/tara.ulpgc.es\/wp-content\/uploads\/2024\/01\/20230628_102641-864x1536.jpg 864w, https:\/\/tara.ulpgc.es\/wp-content\/uploads\/2024\/01\/20230628_102641-1152x2048.jpg 1152w, https:\/\/tara.ulpgc.es\/wp-content\/uploads\/2024\/01\/20230628_102641-scaled.jpg 1440w\" sizes=\"auto, (max-width: 576px) 100vw, 576px\" \/><\/figure>\n\n\n\n<figure class=\"wp-block-image size-large\"><img loading=\"lazy\" decoding=\"async\" width=\"1024\" height=\"576\" data-id=\"408\" src=\"https:\/\/tara.ulpgc.es\/wp-content\/uploads\/2024\/01\/20230628_092423-1-1024x576.jpg\" alt=\"\" class=\"wp-image-408\" srcset=\"https:\/\/tara.ulpgc.es\/wp-content\/uploads\/2024\/01\/20230628_092423-1-1024x576.jpg 1024w, https:\/\/tara.ulpgc.es\/wp-content\/uploads\/2024\/01\/20230628_092423-1-300x169.jpg 300w, https:\/\/tara.ulpgc.es\/wp-content\/uploads\/2024\/01\/20230628_092423-1-768x432.jpg 768w, https:\/\/tara.ulpgc.es\/wp-content\/uploads\/2024\/01\/20230628_092423-1-1536x864.jpg 1536w, https:\/\/tara.ulpgc.es\/wp-content\/uploads\/2024\/01\/20230628_092423-1-2048x1152.jpg 2048w, https:\/\/tara.ulpgc.es\/wp-content\/uploads\/2024\/01\/20230628_092423-1-800x450.jpg 800w\" sizes=\"auto, (max-width: 1024px) 100vw, 1024px\" \/><\/figure>\n<\/figure>\n\n\n\n<div style=\"height:18px\" aria-hidden=\"true\" class=\"wp-block-spacer\"><\/div>\n\n\n\n<figure class=\"wp-block-gallery has-nested-images columns-default is-cropped wp-block-gallery-3 is-layout-flex wp-block-gallery-is-layout-flex\">\n<figure class=\"wp-block-image size-large\"><img loading=\"lazy\" decoding=\"async\" width=\"1024\" height=\"657\" data-id=\"458\" src=\"https:\/\/tara.ulpgc.es\/wp-content\/uploads\/2024\/01\/20230628_100337-1-1024x657.jpg\" alt=\"\" class=\"wp-image-458\" srcset=\"https:\/\/tara.ulpgc.es\/wp-content\/uploads\/2024\/01\/20230628_100337-1-1024x657.jpg 1024w, https:\/\/tara.ulpgc.es\/wp-content\/uploads\/2024\/01\/20230628_100337-1-300x192.jpg 300w, https:\/\/tara.ulpgc.es\/wp-content\/uploads\/2024\/01\/20230628_100337-1-768x493.jpg 768w, https:\/\/tara.ulpgc.es\/wp-content\/uploads\/2024\/01\/20230628_100337-1-1536x986.jpg 1536w, https:\/\/tara.ulpgc.es\/wp-content\/uploads\/2024\/01\/20230628_100337-1-2048x1314.jpg 2048w\" sizes=\"auto, (max-width: 1024px) 100vw, 1024px\" \/><\/figure>\n\n\n\n<figure class=\"wp-block-image size-large\"><img loading=\"lazy\" decoding=\"async\" width=\"1024\" height=\"767\" data-id=\"423\" src=\"https:\/\/tara.ulpgc.es\/wp-content\/uploads\/2024\/01\/Termica3-1024x767.jpg\" alt=\"\" class=\"wp-image-423\" srcset=\"https:\/\/tara.ulpgc.es\/wp-content\/uploads\/2024\/01\/Termica3-1024x767.jpg 1024w, https:\/\/tara.ulpgc.es\/wp-content\/uploads\/2024\/01\/Termica3-300x225.jpg 300w, https:\/\/tara.ulpgc.es\/wp-content\/uploads\/2024\/01\/Termica3-768x576.jpg 768w, https:\/\/tara.ulpgc.es\/wp-content\/uploads\/2024\/01\/Termica3-1536x1151.jpg 1536w, https:\/\/tara.ulpgc.es\/wp-content\/uploads\/2024\/01\/Termica3.jpg 1600w\" sizes=\"auto, (max-width: 1024px) 100vw, 1024px\" \/><\/figure>\n<\/figure>\n\n\n\n<div style=\"height:70px\" aria-hidden=\"true\" class=\"wp-block-spacer\"><\/div>\n\n\n\n<h1 class=\"wp-block-heading\">Campa\u00f1a de Campo en PN de La Caldera de Taburiente (Septiembre 2023)<\/h1>\n\n\n\n<div style=\"height:25px\" aria-hidden=\"true\" class=\"wp-block-spacer\"><\/div>\n\n\n\n<figure class=\"wp-block-gallery has-nested-images columns-default is-cropped wp-block-gallery-4 is-layout-flex wp-block-gallery-is-layout-flex\">\n<figure class=\"wp-block-image size-large\"><img loading=\"lazy\" decoding=\"async\" width=\"1024\" height=\"768\" data-id=\"402\" src=\"https:\/\/tara.ulpgc.es\/wp-content\/uploads\/2024\/01\/IMG-20230929-WA0013.jpg\" alt=\"\" class=\"wp-image-402\" srcset=\"https:\/\/tara.ulpgc.es\/wp-content\/uploads\/2024\/01\/IMG-20230929-WA0013.jpg 1024w, https:\/\/tara.ulpgc.es\/wp-content\/uploads\/2024\/01\/IMG-20230929-WA0013-300x225.jpg 300w, https:\/\/tara.ulpgc.es\/wp-content\/uploads\/2024\/01\/IMG-20230929-WA0013-768x576.jpg 768w\" sizes=\"auto, (max-width: 1024px) 100vw, 1024px\" \/><\/figure>\n\n\n\n<figure class=\"wp-block-image size-large\"><img loading=\"lazy\" decoding=\"async\" width=\"1024\" height=\"768\" data-id=\"404\" src=\"https:\/\/tara.ulpgc.es\/wp-content\/uploads\/2024\/01\/IMG20230929175231-1024x768.jpg\" alt=\"\" class=\"wp-image-404\" srcset=\"https:\/\/tara.ulpgc.es\/wp-content\/uploads\/2024\/01\/IMG20230929175231-1024x768.jpg 1024w, https:\/\/tara.ulpgc.es\/wp-content\/uploads\/2024\/01\/IMG20230929175231-300x225.jpg 300w, https:\/\/tara.ulpgc.es\/wp-content\/uploads\/2024\/01\/IMG20230929175231-768x576.jpg 768w, https:\/\/tara.ulpgc.es\/wp-content\/uploads\/2024\/01\/IMG20230929175231-1536x1152.jpg 1536w, https:\/\/tara.ulpgc.es\/wp-content\/uploads\/2024\/01\/IMG20230929175231-2048x1536.jpg 2048w\" sizes=\"auto, (max-width: 1024px) 100vw, 1024px\" \/><\/figure>\n<\/figure>\n\n\n\n<div style=\"height:18px\" aria-hidden=\"true\" class=\"wp-block-spacer\"><\/div>\n\n\n\n<figure class=\"wp-block-gallery has-nested-images columns-default is-cropped wp-block-gallery-5 is-layout-flex wp-block-gallery-is-layout-flex\">\n<figure class=\"wp-block-image size-large\"><img loading=\"lazy\" decoding=\"async\" width=\"582\" height=\"1024\" data-id=\"428\" src=\"https:\/\/tara.ulpgc.es\/wp-content\/uploads\/2024\/01\/WhatsApp-Image-2023-10-01-at-17.36.25-1-582x1024.jpeg\" alt=\"\" class=\"wp-image-428\" srcset=\"https:\/\/tara.ulpgc.es\/wp-content\/uploads\/2024\/01\/WhatsApp-Image-2023-10-01-at-17.36.25-1-582x1024.jpeg 582w, https:\/\/tara.ulpgc.es\/wp-content\/uploads\/2024\/01\/WhatsApp-Image-2023-10-01-at-17.36.25-1-170x300.jpeg 170w, https:\/\/tara.ulpgc.es\/wp-content\/uploads\/2024\/01\/WhatsApp-Image-2023-10-01-at-17.36.25-1-768x1352.jpeg 768w, https:\/\/tara.ulpgc.es\/wp-content\/uploads\/2024\/01\/WhatsApp-Image-2023-10-01-at-17.36.25-1-873x1536.jpeg 873w, https:\/\/tara.ulpgc.es\/wp-content\/uploads\/2024\/01\/WhatsApp-Image-2023-10-01-at-17.36.25-1.jpeg 909w\" sizes=\"auto, (max-width: 582px) 100vw, 582px\" \/><\/figure>\n\n\n\n<figure class=\"wp-block-image size-large\"><img loading=\"lazy\" decoding=\"async\" width=\"577\" height=\"1024\" data-id=\"429\" src=\"https:\/\/tara.ulpgc.es\/wp-content\/uploads\/2024\/01\/WhatsApp-Image-2023-10-01-at-17.36.25-577x1024.jpeg\" alt=\"\" class=\"wp-image-429\" srcset=\"https:\/\/tara.ulpgc.es\/wp-content\/uploads\/2024\/01\/WhatsApp-Image-2023-10-01-at-17.36.25-577x1024.jpeg 577w, https:\/\/tara.ulpgc.es\/wp-content\/uploads\/2024\/01\/WhatsApp-Image-2023-10-01-at-17.36.25-169x300.jpeg 169w, https:\/\/tara.ulpgc.es\/wp-content\/uploads\/2024\/01\/WhatsApp-Image-2023-10-01-at-17.36.25-768x1364.jpeg 768w, https:\/\/tara.ulpgc.es\/wp-content\/uploads\/2024\/01\/WhatsApp-Image-2023-10-01-at-17.36.25-865x1536.jpeg 865w, https:\/\/tara.ulpgc.es\/wp-content\/uploads\/2024\/01\/WhatsApp-Image-2023-10-01-at-17.36.25.jpeg 901w\" sizes=\"auto, (max-width: 577px) 100vw, 577px\" \/><\/figure>\n<\/figure>\n\n\n\n<div style=\"height:70px\" aria-hidden=\"true\" class=\"wp-block-spacer\"><\/div>\n\n\n\n<h1 class=\"wp-block-heading\">Reuni\u00f3n C\u00e1diz y asistencia congreso AET (Julio 2024)<\/h1>\n\n\n\n<div style=\"height:25px\" aria-hidden=\"true\" class=\"wp-block-spacer\"><\/div>\n\n\n\n<figure class=\"wp-block-gallery has-nested-images columns-default is-cropped wp-block-gallery-6 is-layout-flex wp-block-gallery-is-layout-flex\">\n<figure class=\"wp-block-image size-large\"><img decoding=\"async\" src=\"https:\/\/tara.ulpgc.es\/wp-content\/uploads\/2025\/04\/20240605_100900-scaled.jpg\" alt=\"\"\/><\/figure>\n\n\n\n<figure class=\"wp-block-image size-large\"><img decoding=\"async\" src=\"https:\/\/tara.ulpgc.es\/wp-content\/uploads\/2025\/04\/IMG-20240605-WA0018.jpg\" alt=\"\"\/><\/figure>\n<\/figure>\n\n\n\n<div style=\"height:18px\" aria-hidden=\"true\" class=\"wp-block-spacer\"><\/div>\n\n\n\n<figure class=\"wp-block-gallery has-nested-images columns-default is-cropped wp-block-gallery-7 is-layout-flex wp-block-gallery-is-layout-flex\">\n<figure class=\"wp-block-image size-large\"><img decoding=\"async\" src=\"https:\/\/tara.ulpgc.es\/wp-content\/uploads\/2025\/04\/IMG-20240605-WA0030.jpg\" alt=\"\"\/><\/figure>\n\n\n\n<figure class=\"wp-block-image size-large\"><img decoding=\"async\" src=\"https:\/\/tara.ulpgc.es\/wp-content\/uploads\/2025\/04\/20240605_100954-scaled.jpg\" alt=\"\"\/><\/figure>\n<\/figure>\n\n\n\n<div style=\"height:18px\" aria-hidden=\"true\" class=\"wp-block-spacer\"><\/div>\n\n\n\n<figure class=\"wp-block-gallery has-nested-images columns-default is-cropped wp-block-gallery-8 is-layout-flex wp-block-gallery-is-layout-flex\">\n<figure class=\"wp-block-image size-large\"><img decoding=\"async\" src=\"https:\/\/tara.ulpgc.es\/wp-content\/uploads\/2025\/04\/IMG-20240606-WA0012.jpg\" alt=\"\"\/><\/figure>\n\n\n\n<figure class=\"wp-block-image size-large\"><img decoding=\"async\" src=\"https:\/\/tara.ulpgc.es\/wp-content\/uploads\/2025\/04\/IMG-20240606-WA0021.jpg\" alt=\"\"\/><\/figure>\n<\/figure>\n\n\n\n<div style=\"height:70px\" aria-hidden=\"true\" class=\"wp-block-spacer\"><\/div>\n\n\n\n<h1 class=\"wp-block-heading\">Reuniones de coordinaci\u00f3n (Diversas fechas)<\/h1>\n\n\n\n<div style=\"height:25px\" aria-hidden=\"true\" class=\"wp-block-spacer\"><\/div>\n\n\n\n<figure class=\"wp-block-gallery has-nested-images columns-default is-cropped wp-block-gallery-9 is-layout-flex wp-block-gallery-is-layout-flex\">\n<figure class=\"wp-block-image size-large\"><img decoding=\"async\" src=\"https:\/\/tara.ulpgc.es\/wp-content\/uploads\/2025\/04\/Reunion-Angel-Fernandez.jpg\" alt=\"\"\/><\/figure>\n\n\n\n<figure class=\"wp-block-image size-large\"><img decoding=\"async\" src=\"https:\/\/tara.ulpgc.es\/wp-content\/uploads\/2025\/04\/Reunion-Angel-Palomares.jpg\" alt=\"\"\/><\/figure>\n<\/figure>\n","protected":false},"excerpt":{"rendered":"<p>Campa\u00f1a de Campo en PN de Garajonay (Julio 2023) Campa\u00f1a de Campo en PN de La Caldera de Taburiente (Septiembre 2023) Reuni\u00f3n C\u00e1diz y asistencia congreso AET (Julio 2024) Reuniones de coordinaci\u00f3n (Diversas fechas)<\/p>\n","protected":false},"author":1,"featured_media":0,"parent":0,"menu_order":0,"comment_status":"closed","ping_status":"closed","template":"","meta":{"ocean_post_layout":"","ocean_both_sidebars_style":"","ocean_both_sidebars_content_width":0,"ocean_both_sidebars_sidebars_width":0,"ocean_sidebar":"","ocean_second_sidebar":"","ocean_disable_margins":"enable","ocean_add_body_class":"","ocean_shortcode_before_top_bar":"","ocean_shortcode_after_top_bar":"","ocean_shortcode_before_header":"","ocean_shortcode_after_header":"","ocean_has_shortcode":"","ocean_shortcode_after_title":"","ocean_shortcode_before_footer_widgets":"","ocean_shortcode_after_footer_widgets":"","ocean_shortcode_before_footer_bottom":"","ocean_shortcode_after_footer_bottom":"","ocean_display_top_bar":"default","ocean_display_header":"default","ocean_header_style":"","ocean_center_header_left_menu":"","ocean_custom_header_template":"","ocean_custom_logo":0,"ocean_custom_retina_logo":0,"ocean_custom_logo_max_width":0,"ocean_custom_logo_tablet_max_width":0,"ocean_custom_logo_mobile_max_width":0,"ocean_custom_logo_max_height":0,"ocean_custom_logo_tablet_max_height":0,"ocean_custom_logo_mobile_max_height":0,"ocean_header_custom_menu":"","ocean_menu_typo_font_family":"","ocean_menu_typo_font_subset":"","ocean_menu_typo_font_size":0,"ocean_menu_typo_font_size_tablet":0,"ocean_menu_typo_font_size_mobile":0,"ocean_menu_typo_font_size_unit":"px","ocean_menu_typo_font_weight":"","ocean_menu_typo_font_weight_tablet":"","ocean_menu_typo_font_weight_mobile":"","ocean_menu_typo_transform":"","ocean_menu_typo_transform_tablet":"","ocean_menu_typo_transform_mobile":"","ocean_menu_typo_line_height":0,"ocean_menu_typo_line_height_tablet":0,"ocean_menu_typo_line_height_mobile":0,"ocean_menu_typo_line_height_unit":"","ocean_menu_typo_spacing":0,"ocean_menu_typo_spacing_tablet":0,"ocean_menu_typo_spacing_mobile":0,"ocean_menu_typo_spacing_unit":"","ocean_menu_link_color":"","ocean_menu_link_color_hover":"","ocean_menu_link_color_active":"","ocean_menu_link_background":"","ocean_menu_link_hover_background":"","ocean_menu_link_active_background":"","ocean_menu_social_links_bg":"","ocean_menu_social_hover_links_bg":"","ocean_menu_social_links_color":"","ocean_menu_social_hover_links_color":"","ocean_disable_title":"default","ocean_disable_heading":"default","ocean_post_title":"","ocean_post_subheading":"","ocean_post_title_style":"","ocean_post_title_background_color":"","ocean_post_title_background":0,"ocean_post_title_bg_image_position":"","ocean_post_title_bg_image_attachment":"","ocean_post_title_bg_image_repeat":"","ocean_post_title_bg_image_size":"","ocean_post_title_height":0,"ocean_post_title_bg_overlay":0.5,"ocean_post_title_bg_overlay_color":"","ocean_disable_breadcrumbs":"default","ocean_breadcrumbs_color":"","ocean_breadcrumbs_separator_color":"","ocean_breadcrumbs_links_color":"","ocean_breadcrumbs_links_hover_color":"","ocean_display_footer_widgets":"default","ocean_display_footer_bottom":"default","ocean_custom_footer_template":"","footnotes":""},"class_list":["post-18","page","type-page","status-publish","hentry","entry"],"_links":{"self":[{"href":"https:\/\/tara.ulpgc.es\/index.php?rest_route=\/wp\/v2\/pages\/18","targetHints":{"allow":["GET"]}}],"collection":[{"href":"https:\/\/tara.ulpgc.es\/index.php?rest_route=\/wp\/v2\/pages"}],"about":[{"href":"https:\/\/tara.ulpgc.es\/index.php?rest_route=\/wp\/v2\/types\/page"}],"author":[{"embeddable":true,"href":"https:\/\/tara.ulpgc.es\/index.php?rest_route=\/wp\/v2\/users\/1"}],"replies":[{"embeddable":true,"href":"https:\/\/tara.ulpgc.es\/index.php?rest_route=%2Fwp%2Fv2%2Fcomments&post=18"}],"version-history":[{"count":36,"href":"https:\/\/tara.ulpgc.es\/index.php?rest_route=\/wp\/v2\/pages\/18\/revisions"}],"predecessor-version":[{"id":510,"href":"https:\/\/tara.ulpgc.es\/index.php?rest_route=\/wp\/v2\/pages\/18\/revisions\/510"}],"wp:attachment":[{"href":"https:\/\/tara.ulpgc.es\/index.php?rest_route=%2Fwp%2Fv2%2Fmedia&parent=18"}],"curies":[{"name":"wp","href":"https:\/\/api.w.org\/{rel}","templated":true}]}}