{"id":223,"date":"2023-11-23T18:23:14","date_gmt":"2023-11-23T18:23:14","guid":{"rendered":"https:\/\/tara.ulpgc.es\/?page_id=223"},"modified":"2023-12-19T12:46:26","modified_gmt":"2023-12-19T12:46:26","slug":"areas-de-estudio","status":"publish","type":"page","link":"https:\/\/tara.ulpgc.es\/?page_id=223","title":{"rendered":"\u00c1REAS DE ESTUDIO"},"content":{"rendered":"\n<div class=\"wp-block-media-text alignfull is-stacked-on-mobile\" style=\"grid-template-columns:45% auto\"><figure class=\"wp-block-media-text__media\"><img loading=\"lazy\" decoding=\"async\" width=\"839\" height=\"547\" src=\"https:\/\/tara.ulpgc.es\/wp-content\/uploads\/2023\/12\/Imagen1.jpg\" alt=\"\" class=\"wp-image-382 size-full\" srcset=\"https:\/\/tara.ulpgc.es\/wp-content\/uploads\/2023\/12\/Imagen1.jpg 839w, https:\/\/tara.ulpgc.es\/wp-content\/uploads\/2023\/12\/Imagen1-300x196.jpg 300w, https:\/\/tara.ulpgc.es\/wp-content\/uploads\/2023\/12\/Imagen1-768x501.jpg 768w\" sizes=\"auto, (max-width: 839px) 100vw, 839px\" \/><\/figure><div class=\"wp-block-media-text__content\">\n<h2 class=\"wp-block-heading\">Parque Nacional del Teide<\/h2>\n\n\n\n<p style=\"text-align: justify;\">El Parque Nacional del Teide, ubicado en la isla de Tenerife, fue declarado Parque Nacional en 1954 y Patrimonio Mundial de la UNESCO en 2007. Caracterizado por un paisaje volc\u00e1nico \u00fanico, el parque alberga el imponente pico del Teide, la monta\u00f1a m\u00e1s alta de Espa\u00f1a, a 3,718 metros sobre el nivel del mar.<\/p>\n<p style=\"text-align: justify;\">Su cr\u00e1ter, campos de lava y formaciones rocosas crean un entorno lunar fascinante. A pesar de su apariencia \u00e1rida, el parque es hogar de una sorprendente variedad de flora y fauna adaptadas.<\/p>\n<\/div><\/div>\n\n\n\n<div style=\"height:101px\" aria-hidden=\"true\" class=\"wp-block-spacer\"><\/div>\n\n\n\n<div class=\"wp-block-media-text alignfull has-media-on-the-right is-stacked-on-mobile\" style=\"grid-template-columns:auto 45%\"><div class=\"wp-block-media-text__content\">\n<h2 class=\"wp-block-heading\">Parque Nacional de La Caldera de Taburiente<\/h2>\n\n\n\n<p style=\"text-align: justify;\">El Parque Nacional de la Caldera de Taburiente, ubicado en la isla de La Palma, es un tesoro natural con un enfoque destacado en la biodiversidad, especialmente en su flora \u00fanica. Este parque, declarado Reserva de la Biosfera en 1983 y Parque Nacional en 1954, presenta una caldera impresionante, una depresi\u00f3n geol\u00f3gica rodeada de acantilados majestuosos.<\/p>\n<p style=\"text-align: justify;\">En el coraz\u00f3n de la caldera, bosques frondosos y r\u00edos serpenteantes crean un paisaje \u00fanico. La rica biodiversidad de flora end\u00e9mica, adaptada a las condiciones particulares del parque, convierte a este lugar en un para\u00edso bot\u00e1nico.<\/p>\n<\/div><figure class=\"wp-block-media-text__media\"><img loading=\"lazy\" decoding=\"async\" width=\"936\" height=\"548\" src=\"https:\/\/tara.ulpgc.es\/wp-content\/uploads\/2023\/12\/Imagen2.png\" alt=\"\" class=\"wp-image-384 size-full\" srcset=\"https:\/\/tara.ulpgc.es\/wp-content\/uploads\/2023\/12\/Imagen2.png 936w, https:\/\/tara.ulpgc.es\/wp-content\/uploads\/2023\/12\/Imagen2-300x176.png 300w, https:\/\/tara.ulpgc.es\/wp-content\/uploads\/2023\/12\/Imagen2-768x450.png 768w\" sizes=\"auto, (max-width: 936px) 100vw, 936px\" \/><\/figure><\/div>\n\n\n\n<div style=\"height:100px\" aria-hidden=\"true\" class=\"wp-block-spacer\"><\/div>\n\n\n\n<div class=\"wp-block-media-text alignfull is-stacked-on-mobile\" style=\"grid-template-columns:45% auto\"><figure class=\"wp-block-media-text__media\"><img loading=\"lazy\" decoding=\"async\" width=\"1024\" height=\"535\" src=\"https:\/\/tara.ulpgc.es\/wp-content\/uploads\/2023\/12\/Imagen3-1024x535.png\" alt=\"\" class=\"wp-image-385 size-full\" srcset=\"https:\/\/tara.ulpgc.es\/wp-content\/uploads\/2023\/12\/Imagen3-1024x535.png 1024w, https:\/\/tara.ulpgc.es\/wp-content\/uploads\/2023\/12\/Imagen3-300x157.png 300w, https:\/\/tara.ulpgc.es\/wp-content\/uploads\/2023\/12\/Imagen3-768x401.png 768w, https:\/\/tara.ulpgc.es\/wp-content\/uploads\/2023\/12\/Imagen3-1536x802.png 1536w, https:\/\/tara.ulpgc.es\/wp-content\/uploads\/2023\/12\/Imagen3-2048x1069.png 2048w\" sizes=\"auto, (max-width: 1024px) 100vw, 1024px\" \/><\/figure><div class=\"wp-block-media-text__content\">\n<h2 class=\"wp-block-heading\">Parque Nacional de Garajonay<\/h2>\n\n\n\n<p style=\"text-align: justify;\">El Parque Nacional de Garajonay, ubicado en la isla de La Gomera, es un tesoro bot\u00e1nico que ha sido designado como Parque Nacional en 1981 y Patrimonio de la Humanidad por la UNESCO en 1986.<\/p>\n<p style=\"text-align: justify;\">Su caracter\u00edstico bosque de laurisilva resguarda especies notables de flora, entre las que se destacan el laurel (Laurus novocanariensis), el brezo (Erica arborea), y la faya (Myrica faya).<\/p>\n<\/div><\/div>\n\n\n\n<div style=\"height:100px\" aria-hidden=\"true\" class=\"wp-block-spacer\"><\/div>\n\n\n\n<div class=\"wp-block-media-text alignfull has-media-on-the-right is-stacked-on-mobile\" style=\"grid-template-columns:auto 45%\"><div class=\"wp-block-media-text__content\">\n<h2 class=\"wp-block-heading\">Parque Nacional de Timanfaya<\/h2>\n\n\n\n<p style=\"text-align: justify;\">El Parque Nacional de Timanfaya, ubicado en la isla de Lanzarote, es un paisaje lunar que ha sido declarado Parque Nacional en 1974. Este parque, conocido por su espectacularidad geol\u00f3gica, presenta un terreno volc\u00e1nico con extensos campos de lava y cr\u00e1teres imponentes.<\/p>\n<p style=\"text-align: justify;\">La flora en Timanfaya es escasa pero resistente, con adaptaciones \u00fanicas a las condiciones extremas del suelo volc\u00e1nico, destacando especies como el l\u00edquen y algunas plantas hal\u00f3fitas. Aunque la biodiversidad vegetal es limitada en comparaci\u00f3n con otros parques, la singularidad del paisaje lunar y la adaptaci\u00f3n de ciertas plantas a la adversidad volc\u00e1nica hacen de Timanfaya un lugar \u00fanico.&nbsp;<\/p>\n<\/div><figure class=\"wp-block-media-text__media\"><img loading=\"lazy\" decoding=\"async\" width=\"783\" height=\"522\" src=\"https:\/\/tara.ulpgc.es\/wp-content\/uploads\/2023\/11\/Imagen4.png\" alt=\"\" class=\"wp-image-279 size-full\" srcset=\"https:\/\/tara.ulpgc.es\/wp-content\/uploads\/2023\/11\/Imagen4.png 783w, https:\/\/tara.ulpgc.es\/wp-content\/uploads\/2023\/11\/Imagen4-300x200.png 300w, https:\/\/tara.ulpgc.es\/wp-content\/uploads\/2023\/11\/Imagen4-768x512.png 768w\" sizes=\"auto, (max-width: 783px) 100vw, 783px\" \/><\/figure><\/div>\n","protected":false},"excerpt":{"rendered":"<p>Parque Nacional del Teide El Parque Nacional del Teide, ubicado en la isla de Tenerife, fue declarado Parque Nacional en 1954 y Patrimonio Mundial de la UNESCO en 2007. Caracterizado por un paisaje volc\u00e1nico \u00fanico, el parque alberga el imponente pico del Teide, la monta\u00f1a m\u00e1s alta de Espa\u00f1a, a 3,718 metros sobre el nivel [&hellip;]<\/p>\n","protected":false},"author":1,"featured_media":0,"parent":0,"menu_order":0,"comment_status":"closed","ping_status":"closed","template":"","meta":{"ocean_post_layout":"","ocean_both_sidebars_style":"","ocean_both_sidebars_content_width":0,"ocean_both_sidebars_sidebars_width":0,"ocean_sidebar":"","ocean_second_sidebar":"","ocean_disable_margins":"enable","ocean_add_body_class":"","ocean_shortcode_before_top_bar":"","ocean_shortcode_after_top_bar":"","ocean_shortcode_before_header":"","ocean_shortcode_after_header":"","ocean_has_shortcode":"","ocean_shortcode_after_title":"","ocean_shortcode_before_footer_widgets":"","ocean_shortcode_after_footer_widgets":"","ocean_shortcode_before_footer_bottom":"","ocean_shortcode_after_footer_bottom":"","ocean_display_top_bar":"default","ocean_display_header":"default","ocean_header_style":"","ocean_center_header_left_menu":"","ocean_custom_header_template":"","ocean_custom_logo":0,"ocean_custom_retina_logo":0,"ocean_custom_logo_max_width":0,"ocean_custom_logo_tablet_max_width":0,"ocean_custom_logo_mobile_max_width":0,"ocean_custom_logo_max_height":0,"ocean_custom_logo_tablet_max_height":0,"ocean_custom_logo_mobile_max_height":0,"ocean_header_custom_menu":"","ocean_menu_typo_font_family":"","ocean_menu_typo_font_subset":"","ocean_menu_typo_font_size":0,"ocean_menu_typo_font_size_tablet":0,"ocean_menu_typo_font_size_mobile":0,"ocean_menu_typo_font_size_unit":"px","ocean_menu_typo_font_weight":"","ocean_menu_typo_font_weight_tablet":"","ocean_menu_typo_font_weight_mobile":"","ocean_menu_typo_transform":"","ocean_menu_typo_transform_tablet":"","ocean_menu_typo_transform_mobile":"","ocean_menu_typo_line_height":0,"ocean_menu_typo_line_height_tablet":0,"ocean_menu_typo_line_height_mobile":0,"ocean_menu_typo_line_height_unit":"","ocean_menu_typo_spacing":0,"ocean_menu_typo_spacing_tablet":0,"ocean_menu_typo_spacing_mobile":0,"ocean_menu_typo_spacing_unit":"","ocean_menu_link_color":"","ocean_menu_link_color_hover":"","ocean_menu_link_color_active":"","ocean_menu_link_background":"","ocean_menu_link_hover_background":"","ocean_menu_link_active_background":"","ocean_menu_social_links_bg":"","ocean_menu_social_hover_links_bg":"","ocean_menu_social_links_color":"","ocean_menu_social_hover_links_color":"","ocean_disable_title":"default","ocean_disable_heading":"default","ocean_post_title":"","ocean_post_subheading":"","ocean_post_title_style":"","ocean_post_title_background_color":"","ocean_post_title_background":0,"ocean_post_title_bg_image_position":"","ocean_post_title_bg_image_attachment":"","ocean_post_title_bg_image_repeat":"","ocean_post_title_bg_image_size":"","ocean_post_title_height":0,"ocean_post_title_bg_overlay":0.5,"ocean_post_title_bg_overlay_color":"","ocean_disable_breadcrumbs":"default","ocean_breadcrumbs_color":"","ocean_breadcrumbs_separator_color":"","ocean_breadcrumbs_links_color":"","ocean_breadcrumbs_links_hover_color":"","ocean_display_footer_widgets":"default","ocean_display_footer_bottom":"default","ocean_custom_footer_template":"","footnotes":""},"class_list":["post-223","page","type-page","status-publish","hentry","entry"],"_links":{"self":[{"href":"https:\/\/tara.ulpgc.es\/index.php?rest_route=\/wp\/v2\/pages\/223","targetHints":{"allow":["GET"]}}],"collection":[{"href":"https:\/\/tara.ulpgc.es\/index.php?rest_route=\/wp\/v2\/pages"}],"about":[{"href":"https:\/\/tara.ulpgc.es\/index.php?rest_route=\/wp\/v2\/types\/page"}],"author":[{"embeddable":true,"href":"https:\/\/tara.ulpgc.es\/index.php?rest_route=\/wp\/v2\/users\/1"}],"replies":[{"embeddable":true,"href":"https:\/\/tara.ulpgc.es\/index.php?rest_route=%2Fwp%2Fv2%2Fcomments&post=223"}],"version-history":[{"count":24,"href":"https:\/\/tara.ulpgc.es\/index.php?rest_route=\/wp\/v2\/pages\/223\/revisions"}],"predecessor-version":[{"id":386,"href":"https:\/\/tara.ulpgc.es\/index.php?rest_route=\/wp\/v2\/pages\/223\/revisions\/386"}],"wp:attachment":[{"href":"https:\/\/tara.ulpgc.es\/index.php?rest_route=%2Fwp%2Fv2%2Fmedia&parent=223"}],"curies":[{"name":"wp","href":"https:\/\/api.w.org\/{rel}","templated":true}]}}